{"id":235,"date":"2019-12-11T09:56:57","date_gmt":"2019-12-11T08:56:57","guid":{"rendered":"http:\/\/aral45.f5mxh.fr\/?page_id=235"},"modified":"2019-12-11T09:56:57","modified_gmt":"2019-12-11T08:56:57","slug":"dxheat-comment-ca-marche","status":"publish","type":"page","link":"http:\/\/aral45.f5mxh.fr\/index.php\/dxheat-comment-ca-marche\/","title":{"rendered":"DXHeat comment \u00e7a marche?"},"content":{"rendered":"\n<div class=\"wp-block-image\"><figure class=\"aligncenter size-large\"><img decoding=\"async\" loading=\"lazy\" width=\"200\" height=\"42\" src=\"http:\/\/aral45.f5mxh.fr\/wp-content\/uploads\/2019\/12\/dxheat.jpg\" alt=\"\" class=\"wp-image-236\"\/><\/figure><\/div>\n\n\n\n<p>DXHeat est un DXcluster (page web permettant d&rsquo;afficher en temps r\u00e9el les stations \u00ab\u00a0rares\u00a0\u00bb pr\u00e9sentent sur nos fr\u00e9quences) en ligne. Un parmi tant d&rsquo;autre me direz-vous! Oui mais&#8230;<\/p>\n\n\n\n<p>Son interfa\u00e7age est tr\u00e8s intuitif et nous allons faire le tour de quelques fonctions plut\u00f4t novatrices. Lorsque vous \u00eates connect\u00e9 et enregistr\u00e9 sur le site vous avez ceci:<\/p>\n\n\n\n<figure class=\"wp-block-image size-large\"><img decoding=\"async\" loading=\"lazy\" width=\"1024\" height=\"286\" src=\"http:\/\/aral45.f5mxh.fr\/wp-content\/uploads\/2019\/12\/dxheat1-1024x286.jpg\" alt=\"\" class=\"wp-image-237\" srcset=\"http:\/\/aral45.f5mxh.fr\/wp-content\/uploads\/2019\/12\/dxheat1-1024x286.jpg 1024w, http:\/\/aral45.f5mxh.fr\/wp-content\/uploads\/2019\/12\/dxheat1-300x84.jpg 300w, http:\/\/aral45.f5mxh.fr\/wp-content\/uploads\/2019\/12\/dxheat1-768x214.jpg 768w, http:\/\/aral45.f5mxh.fr\/wp-content\/uploads\/2019\/12\/dxheat1.jpg 1168w\" sizes=\"(max-width: 1024px) 100vw, 1024px\" \/><\/figure>\n\n\n\n<p>1: La liste des stations, fr\u00e9quences, remarques&#8230; Deux tags:<br>  &#8211; un petite terre verte pour signaler que la station est membre du syst\u00e8me lotw,<br>  &#8211; un @ pour signaler que la station est membre de eqsl.<\/p>\n\n\n\n<p>2: Les filtres qui sont nombreux&#8230; Parmi eux:<br>  &#8211; toutes les stations du r\u00e9seau w3lpl peuvent \u00eatre d\u00e9sactiv\u00e9es,<br>  &#8211; s\u00e9lection des modes de transmission,<br>  &#8211; les bandes de fr\u00e9quences,<br>  &#8211; les continents qui vous int\u00e9ressent,<br>  &#8211; les continents des spotters,<\/p>\n\n\n\n<p>3: Les outils de recherche, de propagation.<\/p>\n\n\n\n<p>Un dernier point tr\u00e8s int\u00e9ressant: lorsque vous cliquez sur un DX, vous aurez ceci:<br> <\/p>\n\n\n\n<div class=\"wp-block-image\"><figure class=\"aligncenter size-large\"><img decoding=\"async\" loading=\"lazy\" width=\"473\" height=\"134\" src=\"http:\/\/aral45.f5mxh.fr\/wp-content\/uploads\/2019\/12\/dxheat2.jpg\" alt=\"\" class=\"wp-image-238\" srcset=\"http:\/\/aral45.f5mxh.fr\/wp-content\/uploads\/2019\/12\/dxheat2.jpg 473w, http:\/\/aral45.f5mxh.fr\/wp-content\/uploads\/2019\/12\/dxheat2-300x85.jpg 300w\" sizes=\"(max-width: 473px) 100vw, 473px\" \/><\/figure><\/div>\n\n\n\n<p>Les \u00e9couteurs vont vous permettre une \u00e9coute en ligne via le websdr de l&rsquo;universit\u00e9 de Twente aux Pays Bas, ou celui de DK0TE,<\/p>\n\n\n\n<p>Les statistiques d&rsquo;apparition sur le cluster sont disponibles avec la deuxi\u00e8me ic\u00f4ne,<\/p>\n\n\n\n<p>Enfin qrz.com vous proposera un descriptif de la station&#8230;<\/p>\n\n\n\n<p>Il me reste \u00e0 vous souhaiter une bonne utilisation.<\/p>\n\n\n\n<p>73 de F5MXH<\/p>\n","protected":false},"excerpt":{"rendered":"<p>DXHeat est un DXcluster (page web permettant d&rsquo;afficher en temps r\u00e9el les stations \u00ab\u00a0rares\u00a0\u00bb pr\u00e9sentent sur nos fr\u00e9quences) en ligne. Un parmi tant d&rsquo;autre me direz-vous! Oui mais&#8230; Son interfa\u00e7age est tr\u00e8s intuitif et nous allons faire le tour de quelques fonctions plut\u00f4t novatrices. Lorsque vous \u00eates connect\u00e9 et enregistr\u00e9&#46;&#46;&#46;<\/p>\n","protected":false},"author":1,"featured_media":236,"parent":0,"menu_order":0,"comment_status":"closed","ping_status":"closed","template":"","meta":[],"_links":{"self":[{"href":"http:\/\/aral45.f5mxh.fr\/index.php\/wp-json\/wp\/v2\/pages\/235"}],"collection":[{"href":"http:\/\/aral45.f5mxh.fr\/index.php\/wp-json\/wp\/v2\/pages"}],"about":[{"href":"http:\/\/aral45.f5mxh.fr\/index.php\/wp-json\/wp\/v2\/types\/page"}],"author":[{"embeddable":true,"href":"http:\/\/aral45.f5mxh.fr\/index.php\/wp-json\/wp\/v2\/users\/1"}],"replies":[{"embeddable":true,"href":"http:\/\/aral45.f5mxh.fr\/index.php\/wp-json\/wp\/v2\/comments?post=235"}],"version-history":[{"count":1,"href":"http:\/\/aral45.f5mxh.fr\/index.php\/wp-json\/wp\/v2\/pages\/235\/revisions"}],"predecessor-version":[{"id":239,"href":"http:\/\/aral45.f5mxh.fr\/index.php\/wp-json\/wp\/v2\/pages\/235\/revisions\/239"}],"wp:featuredmedia":[{"embeddable":true,"href":"http:\/\/aral45.f5mxh.fr\/index.php\/wp-json\/wp\/v2\/media\/236"}],"wp:attachment":[{"href":"http:\/\/aral45.f5mxh.fr\/index.php\/wp-json\/wp\/v2\/media?parent=235"}],"curies":[{"name":"wp","href":"https:\/\/api.w.org\/{rel}","templated":true}]}}