{"id":208,"date":"2019-12-06T11:42:15","date_gmt":"2019-12-06T10:42:15","guid":{"rendered":"http:\/\/aral45.f5mxh.fr\/?page_id=208"},"modified":"2019-12-06T11:42:25","modified_gmt":"2019-12-06T10:42:25","slug":"log4om","status":"publish","type":"page","link":"http:\/\/aral45.f5mxh.fr\/index.php\/log4om\/","title":{"rendered":"Log4OM"},"content":{"rendered":"\n<p>La liste des logiciels permettant de g\u00e9rer un carnet de trafic est bien longue. Je vais vous pr\u00e9senter un des plus r\u00e9cent, qui de plus est gratuit! A l&rsquo;heure o\u00f9 je r\u00e9dige ce billet, la version 2 est en pr\u00e9paration avanc\u00e9e&#8230;<\/p>\n\n\n\n<p>Plus qu&rsquo;un long discours, une petite vid\u00e9o de pr\u00e9sentation de ce logiciel:<\/p>\n\n\n\n<figure class=\"wp-block-embed-youtube wp-block-embed is-type-video is-provider-youtube wp-embed-aspect-4-3 wp-has-aspect-ratio\"><div class=\"wp-block-embed__wrapper\">\n<iframe loading=\"lazy\" title=\"Using Log4om\" width=\"500\" height=\"375\" src=\"https:\/\/www.youtube.com\/embed\/3gGEI5wSVtw?feature=oembed&#038;wmode=opaque\" frameborder=\"0\" allow=\"accelerometer; autoplay; encrypted-media; gyroscope; picture-in-picture\" allowfullscreen><\/iframe>\n<\/div><\/figure>\n\n\n\n<p>Les points n\u00e9gatifs de ce logiciel:<br> &#8211; M\u00eame si la documentation est disponible en fran\u00e7ais, l&rsquo;interface reste en Anglais et risque donc de rebuter certains d&rsquo;entre nous.<br> &#8211; Comme tous les logiciels actuels, il faut un certain temps avant de profiter pleinement des capacit\u00e9s de ce logiciel.<\/p>\n\n\n\n<p>Les points positifs:<br> &#8211; Interface moderne, assez intuitive, m\u00eame s&rsquo;il subsiste quelques imperfections,<br> &#8211; Interfa\u00e7able avec d&rsquo;autres logiciels (num\u00e9riques par exemple) tr\u00e8s facilement,<br> &#8211; Prise en charge de beaucoup de poste via l&rsquo;interface Omnirig,<br> &#8211; Gestion des QSL \u00e9lectronique ou papier avec impression d&rsquo;\u00e9tiquettes, QSL, &#8230;<br> &#8211; Impression du log, suivi des dipl\u00f4mes et plein d&rsquo;autres choses&#8230;<\/p>\n\n\n\n<figure class=\"wp-block-embed-youtube wp-block-embed is-type-video is-provider-youtube wp-embed-aspect-16-9 wp-has-aspect-ratio\"><div class=\"wp-block-embed__wrapper\">\n<iframe loading=\"lazy\" title=\"Log4OM V2 Preview\" width=\"500\" height=\"281\" src=\"https:\/\/www.youtube.com\/embed\/xRWl72I2Csk?start=81&#038;feature=oembed&#038;wmode=opaque\" frameborder=\"0\" allow=\"accelerometer; autoplay; encrypted-media; gyroscope; picture-in-picture\" allowfullscreen><\/iframe>\n<\/div><figcaption>Une pr\u00e9sentation de la future version 2<\/figcaption><\/figure>\n","protected":false},"excerpt":{"rendered":"<p>La liste des logiciels permettant de g\u00e9rer un carnet de trafic est bien longue. Je vais vous pr\u00e9senter un des plus r\u00e9cent, qui de plus est gratuit! A l&rsquo;heure o\u00f9 je r\u00e9dige ce billet, la version 2 est en pr\u00e9paration avanc\u00e9e&#8230; Plus qu&rsquo;un long discours, une petite vid\u00e9o de pr\u00e9sentation&#46;&#46;&#46;<\/p>\n","protected":false},"author":1,"featured_media":0,"parent":0,"menu_order":0,"comment_status":"closed","ping_status":"closed","template":"","meta":[],"_links":{"self":[{"href":"http:\/\/aral45.f5mxh.fr\/index.php\/wp-json\/wp\/v2\/pages\/208"}],"collection":[{"href":"http:\/\/aral45.f5mxh.fr\/index.php\/wp-json\/wp\/v2\/pages"}],"about":[{"href":"http:\/\/aral45.f5mxh.fr\/index.php\/wp-json\/wp\/v2\/types\/page"}],"author":[{"embeddable":true,"href":"http:\/\/aral45.f5mxh.fr\/index.php\/wp-json\/wp\/v2\/users\/1"}],"replies":[{"embeddable":true,"href":"http:\/\/aral45.f5mxh.fr\/index.php\/wp-json\/wp\/v2\/comments?post=208"}],"version-history":[{"count":1,"href":"http:\/\/aral45.f5mxh.fr\/index.php\/wp-json\/wp\/v2\/pages\/208\/revisions"}],"predecessor-version":[{"id":209,"href":"http:\/\/aral45.f5mxh.fr\/index.php\/wp-json\/wp\/v2\/pages\/208\/revisions\/209"}],"wp:attachment":[{"href":"http:\/\/aral45.f5mxh.fr\/index.php\/wp-json\/wp\/v2\/media?parent=208"}],"curies":[{"name":"wp","href":"https:\/\/api.w.org\/{rel}","templated":true}]}}