{"id":191,"date":"2019-12-04T11:09:05","date_gmt":"2019-12-04T10:09:05","guid":{"rendered":"http:\/\/aral45.f5mxh.fr\/?page_id=191"},"modified":"2019-12-04T11:09:36","modified_gmt":"2019-12-04T10:09:36","slug":"lotw","status":"publish","type":"page","link":"http:\/\/aral45.f5mxh.fr\/index.php\/lotw\/","title":{"rendered":"LOTW"},"content":{"rendered":"\n<p>LOTW&#8230; Qu&rsquo;est ce? Log Of The World est un syst\u00e8me d&rsquo;\u00e9change de QSL Virtuel. Cel\u00e0 n&#8217;emp\u00eache pas d&rsquo;envoyer une carte QSL papier en direct ou via le bureau. Pour les OM press\u00e9s de recevoir le DXCC, cela permet de valider rapidement (quelques minutes parfois!) une contr\u00e9e, a partir du moment ou la station contact\u00e9e est aussi associ\u00e9e au protocole LOTW. La proc\u00e9dure est maintenant relativement simplifi\u00e9e car les nouveaux logiciels de carnet de trafic g\u00e8rent ce protocole. Pour ceux qui veulent aller plus loin, je reprend ci-dessous un article du Clipperton DXC qui explique la proc\u00e9dure (un peu lourde!) pour mettre en place cet \u00e9change informatique s\u00e9curis\u00e9.<\/p>\n\n\n\n<p>Le syst\u00e8me de l\u2019ARRL \u00ab&nbsp;Logbook of The World&nbsp;\u00bb (LoTW) est un syst\u00e8me \nde stockage des donn\u00e9es QSO\u2019s accessible en ligne (Internet). Les logs \nsont soumis par les radioamateurs du monde entier reconnus par l\u2019<strong>ARRL <\/strong>qu\u2019ils\n soient membres ou non de l\u2019organisation. Quand deux participants \u00e0 un \nQSO soumettent des donn\u00e9es concordantes, le r\u00e9sultat est une \nconfirmation (<strong>QSL<\/strong>) qui peut \u00eatre utilis\u00e9e pour les dipl\u00f4mes de l\u2019ARRL (<strong>DXCC<\/strong> et <strong>WAS<\/strong>,\n d\u00e8s aujourd\u2019hui, d\u2019autres sont promis pour l\u2019avenir).Afin de minimiser \nles chances de tricheries, l\u2019ARRL doit s\u2019assurer que les logs qui sont \nd\u00e9pos\u00e9s sont bien envoy\u00e9s par le titulaire de l\u2019indicatif concern\u00e9. Pour\n cela, les QSO\u2019s soumis doivent \u00eatre sign\u00e9s digitalement, en utilisant \nun <strong>certificat \u00e9lectronique<\/strong> d\u00e9livr\u00e9 par l\u2019ARRL. Afin \nd\u2019obtenir ce certificat il est n\u00e9cessaire de soumettre, par courrier la \ndocumentation exig\u00e9e (par ex. pour les stations fran\u00e7aises, photocopie \nde la licence, ou du certificat d\u2019op\u00e9rateur d\u00e9livr\u00e9 par l\u2019ART il y a \nquelques ann\u00e9es + photocopie du passeport ou autre document officiel). \nLa proc\u00e9dure peut para\u00eetre lourde, mais elle assure l\u2019int\u00e9grit\u00e9 du \nsyst\u00e8me, donc notre <strong>confiance mutuelle<\/strong> dans le LotW.<\/p>\n\n\n\n<p>Apr\u00e8s obtention du certificat, un petit programme gratuit d\u00e9velopp\u00e9 \npar l\u2019ARRL (TQSL) peut \u00eatre utilis\u00e9 pour convertir un fichier log au \nformat ADIF ou Cabrillo en un fichier \u00ab&nbsp;\u00e9lectroniquement sign\u00e9&nbsp;\u00bb au \nformat LoTW (fichier .tq8), mais maintenant, la majorit\u00e9 des programmes \ninformatiques de tenue de logs r\u00e9alise ces op\u00e9rations de fa\u00e7on \ntransparente pour l\u2019utilisateur.<\/p>\n\n\n\n<p><strong>Qui est int\u00e9ress\u00e9 ?<\/strong><\/p>\n\n\n\n<p>En premier lieu ce syst\u00e8me a \u00e9t\u00e9 d\u00e9velopp\u00e9 pour les gros g\u00e9n\u00e9rateurs de QSO\u2019s \u2013 <strong>Contesteurs, et Exp\u00e9ditions<\/strong>,\n dont les logs sont informatis\u00e9s, et pour qui le traitement des QSL\u2019s \nconventionnelles repr\u00e9sente une charge de travail non n\u00e9gligeable.\n\n\nEn g\u00e9n\u00e9ral sont \u00e9galement int\u00e9ress\u00e9s tous les <strong>chasseurs de dipl\u00f4mes,<\/strong>\n et en particuliers ceux de l\u2019ARRL (en attendant que d\u2019autres \norganisations n\u2019adh\u00e8rent au syst\u00e8me), d\u00e9sireux d\u2019obtenir rapidement et \u00e0\n moindre frais des validations de QSO\u2019s n\u00e9cessaires pour leurs dipl\u00f4mes.\n\nLa participation \u00e0 LoTW, par exemple l\u2019obtention de certificats, la soumission de logs, etc\u2026 est enti\u00e8rement <strong>gratuite<\/strong>,\n il n\u2019y a des frais \u00e0 payer que lors devalidations en relation avec des \ndemandes de dipl\u00f4mes (lorsque vous voulez cr\u00e9diter des confirmations \nLotW \u00e0 votre DXCC).\n\n<\/p>\n\n\n\n<p>En r\u00e9sum\u00e9 s\u2019il ne s\u2019agit pour vous que de vous acquitter de vos \u00ab&nbsp;devoirs&nbsp;\u00bb, le syst\u00e8me est <strong>enti\u00e8rement gratuit<\/strong>.LoTW permet l\u2019utilisation de plusieurs indicatifs et QTH\u2019s (programme tQSL).<\/p>\n\n\n\n<p>Que faut il faire pour d\u00e9marrer ?<\/p>\n\n\n\n<ul><li>En premier lieu, charger le programme <a href=\"http:\/\/www.arrl.org\/lotw\/#download\">http:\/\/www.arrl.org\/lotw\/#download<\/a>\n et l\u2019installer sur son ordinateur. Mais attention le m\u00eame ordinateur \ndevra \u00eatre utilis\u00e9 pour g\u00e9n\u00e9rer les cl\u00e9s \u00e9lectroniques, au moment du \npremier d\u00e9marrage du syst\u00e8me (ensuite les cl\u00e9s peuvent \u00eatre export\u00e9es \nvers une autre machine). Il est bien s\u00fbr recommand\u00e9 de faire des \nsauvegardes des cl\u00e9s et les mettre en lieu s\u00fbr !). A noter que des \nversions Windows, Mac-OS et Linux sont disponibles.<\/li><li>Une fois le syst\u00e8me install\u00e9, il faut g\u00e9n\u00e9rer une demande de \ncertificat gr\u00e2ce \u00e0 l\u2019application \u00ab&nbsp;TQSLCert&nbsp;\u00bb. La demande doit ensuite \n\u00eatre envoy\u00e9e par e-mail \u00e0 lotw-logs@arrl.org ou \u00ab&nbsp;upload\u00e9e&nbsp;\u00bb sur le site\n de l\u2019ARRL.<\/li><li>Parall\u00e8lement la documentation concernant la licence doit \u00eatre envoy\u00e9e par courrier \u00e0 :<\/li><\/ul>\n\n\n\n<p class=\"has-text-align-center\">\n\n\n\nLogbook Administration<br><strong>ARRL<\/strong><br>\n225 Main Street<br>\nNewington, CT 06111<br><strong>USA<\/strong>\nSous quelques jours on doit recevoir \npar courriel, un certificat \u00ab&nbsp;\u00e9lectronique&nbsp;\u00bb permettant de \u00ab&nbsp;signer&nbsp;\u00bb \nses fichiers ADIF ou Cabrillo (fichier .tq6).\n\n<\/p>\n\n\n\n<figure class=\"wp-block-image\"><a href=\"https:\/\/cdxc.org\/wp-content\/uploads\/2008\/09\/lotw2.jpg\" target=\"_blank\" rel=\"noreferrer noopener\"><img decoding=\"async\" src=\"https:\/\/cdxc.org\/wp-content\/uploads\/2008\/09\/thumb_lotw2.jpg\" alt=\"lotw2\"\/><\/a><\/figure>\n\n\n\n<p>\nAutres pr\u00e9cisions :\n<\/p>\n\n\n\n<ul><li>Pour les op\u00e9rations \/P (autres QTH dans la m\u00eame entit\u00e9 DXCC) \u2013 par \nexemple depuis un autre carr\u00e9 locator ou depuis un IOTA sp\u00e9cifique, il \nest possible de cr\u00e9er autant de QTH que souhait\u00e9s sous un m\u00eame \ncertificat; La d\u00e9claration du QTH se faisant au moment de la signature \ndu fichier (il faut bien s\u00fbr un fichier log par QTH diff\u00e9rent).<\/li><li>Il est n\u00e9cessaire d\u2019obtenir un certificat par entit\u00e9 DXCC \u2013 les \ncertificats suppl\u00e9mentaires pour op\u00e9ration \u00e0 l\u2019\u00e9tranger peuvent \u00eatre \nobtenus sans documentation additionnelle si il s\u2019agit d\u2019une op\u00e9ration \ndans le cadre CEPT. (Par exemple HB\/F5XXX ou FG\/F6XXX).<\/li><li>Pour les indicatifs sp\u00e9ciaux, une copie scann\u00e9e de l\u2019autorisation \npeut \u00eatre envoy\u00e9e par courrier \u00e9lectronique. L\u2019obtention d\u2019un nouveau \ncertificat est simplifi\u00e9e, dans la mesure o\u00f9 le responsable est d\u00e9j\u00e0 \nd\u00e9tenteur d\u2019un certificat pour son indicatif r\u00e9gulier.<\/li><\/ul>\n\n\n\n<p>La proc\u00e9dure, peut certes para\u00eetre \u00ab&nbsp;lourde&nbsp;\u00bb mais elle garanti mieux\n qu\u2019une QSL conventionnelle, l\u2019authenticit\u00e9 d\u2019une confirmation. A noter \nqu\u2019il ne faut que quelques minutes pour signer\/convertir et \u00ab&nbsp;uploader&nbsp;\u00bb\n un log de 1000 QSO\u2019s, et que les confirmations sont re\u00e7ues \nimm\u00e9diatement, si le log de votre correspondant est d\u00e9j\u00e0 pr\u00e9sent dans le\n syst\u00e8me.<strong> Et ensuite\u2026 ?<\/strong><\/p>\n\n\n\n<p>Lorsque l\u2019on a convertit ses logs et qu\u2019on les a d\u00e9pos\u00e9s sur le LotW \n(manuellement avec TQSL, ou bien automatiquement avec un programme de \nlog), on peut ensuite consulter \u00ab&nbsp;en ligne&nbsp;\u00bb les confirmations \ndisponibles, et\/ou les t\u00e9l\u00e9charger au format ADIF, par exemple si l\u2019on \nsouhaite mettre \u00e0 jour automatiquement le \u00ab&nbsp;QSL status&nbsp;\u00bb dans son \nprogramme de log.<\/p>\n\n\n\n<div class=\"wp-block-image\"><figure class=\"aligncenter\"><a href=\"https:\/\/cdxc.org\/wp-content\/uploads\/2008\/09\/lotw4.jpg\" target=\"_blank\" rel=\"noreferrer noopener\"><img decoding=\"async\" src=\"https:\/\/cdxc.org\/wp-content\/uploads\/2008\/09\/thumb_lotw4.jpg\" alt=\"lotw4\"\/><\/a><\/figure><\/div>\n\n\n\n<p><strong> Est-ce que \u00e7a marche ?<\/strong>De\n plus en plus ! Le \u00ab&nbsp;taux de retour&nbsp;\u00bb, c\u2019est \u00e0 dire le rapport entre le \nnombre de QSL sur le nombre de QSO, vari\u00e9 \u00e9norm\u00e9ment selon votre type de\n trafic. Les modes digitaux ont un meilleur taux de retour que les modes\n conventionnels comme la CW, le meilleur succ\u00e8s \u00e9tant obtenu sur les QSO\n r\u00e9alis\u00e9s pendant les contests RTTY (Normal : \u00e0 quelques exceptions pr\u00e8s\n tous les aficionados des digimodes ont un ordinateur) ou l\u2019on peut \natteindre 40% de QSOs confirm\u00e9s par le LotW ! En moyenne, le taux est \nd\u2019environ 10%.<\/p>\n\n\n\n<p>Actuellement il y a plus de 22000 utilisateurs, repr\u00e9sentant 34000 \nindicatifs et plus de 175 millions de QSO en ligne !La boite de tri des \nQSO\u2019s et QSL\u2019s : quelques secondes pour visualiser un QSO et sa \nconfirmation.<\/p>\n\n\n\n<p><strong>Conclusion <\/strong>:<\/p>\n\n\n\n<p>Les protecteurs des arbres, les partisans du moindre effort, les \nchasseurs de dipl\u00f4mes impatients, ainsi que ceux qui pr\u00e9f\u00e8rent passer \nleur temps libre sur l\u2019air qu\u2019\u00e0 faire du secr\u00e9tariat ont enfin trouv\u00e9 la\n solution id\u00e9ale\u2026<\/p>\n\n\n\n<p>Certes le syst\u00e8me ne se substituera probablement jamais compl\u00e8tement \naux QSL\u2019s conventionnelles, il a cependant le m\u00e9rite d\u2019offrir une \nsolution alternative moderne, \u00e9conomique, rapide et efficace.<\/p>\n\n\n\n<div class=\"wp-block-image\"><figure class=\"aligncenter\"><a href=\"https:\/\/cdxc.org\/wp-content\/uploads\/2008\/09\/lotw6.jpg\" target=\"_blank\" rel=\"noreferrer noopener\"><img decoding=\"async\" src=\"https:\/\/cdxc.org\/wp-content\/uploads\/2008\/09\/thumb_lotw6.jpg\" alt=\"lotw6\"\/><\/a><\/figure><\/div>\n\n\n\n<hr class=\"wp-block-separator\"\/>\n\n\n\n<p><strong> Quelques liens :<br>\n<\/strong><\/p>\n\n\n\n<p>Page d\u2019accueil pour les non-membres <a href=\"http:\/\/www.arrl.org\/lotw\/\">http:\/\/www.arrl.org\/lotw\/<\/a><br>Charger le programme <a href=\"http:\/\/www.arrl.org\/lotw\/#download\">http:\/\/www.arrl.org\/lotw\/#download<\/a><br>Uploader une demande de certificat <a href=\"https:\/\/www.arrl.org\/lotw\/upload\">https:\/\/www.arrl.org\/lotw\/upload<\/a><br>Page d\u2019accueil des utilisateurs, getting started, FAQ, etc. <a href=\"https:\/\/www.arrl.org\/lotw\/default\">https:\/\/www.arrl.org\/lotw\/default<\/a><br>La page dedi\u00e9e \u00e0 LOTW sur le blog de F5LEN: <a rel=\"noreferrer noopener\" href=\"http:\/\/f5len.org\/blog\/?page_id=147\" target=\"_blank\">http:\/\/f5len.org\/blog\/?page_id=147<\/a><br>Un \u00ab&nbsp;tutorial&nbsp;\u00bb par AA5AU (in english) <a href=\"http:\/\/www.aa5au.com\/lotw_beta.htm\">http:\/\/www.aa5au.com\/lotw_beta.htm<\/a><\/p>\n\n\n\n<p>Un autre tutoriel, encore plus pr\u00e9cis et en Fran\u00e7ais, r\u00e9alis\u00e9 par ON6DP: <a href=\"http:\/\/14tangolima011.wifeo.com\/documents\/LOTW_on6dp.pdf\">Tutoriel par ON6DP<\/a><\/p>\n\n\n\n<p><\/p>\n\n\n\n<figure class=\"wp-block-embed\"><div class=\"wp-block-embed__wrapper\">\nhttps:\/\/www.anfr.fr\/accueil\/\n<\/div><\/figure>\n","protected":false},"excerpt":{"rendered":"<p>LOTW&#8230; Qu&rsquo;est ce? Log Of The World est un syst\u00e8me d&rsquo;\u00e9change de QSL Virtuel. Cel\u00e0 n&#8217;emp\u00eache pas d&rsquo;envoyer une carte QSL papier en direct ou via le bureau. Pour les OM press\u00e9s de recevoir le DXCC, cela permet de valider rapidement (quelques minutes parfois!) une contr\u00e9e, a partir du moment&#46;&#46;&#46;<\/p>\n","protected":false},"author":1,"featured_media":0,"parent":0,"menu_order":0,"comment_status":"closed","ping_status":"closed","template":"","meta":[],"_links":{"self":[{"href":"http:\/\/aral45.f5mxh.fr\/index.php\/wp-json\/wp\/v2\/pages\/191"}],"collection":[{"href":"http:\/\/aral45.f5mxh.fr\/index.php\/wp-json\/wp\/v2\/pages"}],"about":[{"href":"http:\/\/aral45.f5mxh.fr\/index.php\/wp-json\/wp\/v2\/types\/page"}],"author":[{"embeddable":true,"href":"http:\/\/aral45.f5mxh.fr\/index.php\/wp-json\/wp\/v2\/users\/1"}],"replies":[{"embeddable":true,"href":"http:\/\/aral45.f5mxh.fr\/index.php\/wp-json\/wp\/v2\/comments?post=191"}],"version-history":[{"count":2,"href":"http:\/\/aral45.f5mxh.fr\/index.php\/wp-json\/wp\/v2\/pages\/191\/revisions"}],"predecessor-version":[{"id":193,"href":"http:\/\/aral45.f5mxh.fr\/index.php\/wp-json\/wp\/v2\/pages\/191\/revisions\/193"}],"wp:attachment":[{"href":"http:\/\/aral45.f5mxh.fr\/index.php\/wp-json\/wp\/v2\/media?parent=191"}],"curies":[{"name":"wp","href":"https:\/\/api.w.org\/{rel}","templated":true}]}}