{"id":174,"date":"2019-12-04T09:11:57","date_gmt":"2019-12-04T08:11:57","guid":{"rendered":"http:\/\/aral45.f5mxh.fr\/?page_id=174"},"modified":"2019-12-04T09:11:57","modified_gmt":"2019-12-04T08:11:57","slug":"pskreporter","status":"publish","type":"page","link":"http:\/\/aral45.f5mxh.fr\/index.php\/pskreporter\/","title":{"rendered":"PSKReporter"},"content":{"rendered":"\n<figure class=\"wp-block-image\"><img decoding=\"async\" src=\"https:\/\/www.passion-radio.org\/images-blog\/psk-reporter-propogation-tool.png\" alt=\"psk-reporter-propogation-tool\"\/><figcaption>PSK Reporter logiciel propagation DX<\/figcaption><\/figure>\n\n\n\n<p>Il\n y a des logiciels dont le simple nom peut induire en erreur sur les \nfonctionnalit\u00e9s r\u00e9elles de l\u2019outil et vous faire passer \u00e0 cot\u00e9. C\u2019est le\n cas de PSK Reporter, impressionnant de simplicit\u00e9 et d\u2019efficacit\u00e9 pour \nsuivre en temps r\u00e9el les conditions de propagation DX avec visualisation\n sur Google Maps depuis un simple navigateur web : <a href=\"http:\/\/pskreporter.info\/pskmap.html\" target=\"_blank\" rel=\"noreferrer noopener\">http:\/\/pskreporter.info\/pskmap.html<\/a><\/p>\n\n\n\n<figure class=\"wp-block-image\"><a href=\"https:\/\/www.passion-radio.org\/images-blog\/psk-reporter-propogation-tool.png\"><img decoding=\"async\" src=\"https:\/\/www.passion-radio.org\/images-blog\/psk-reporter-propogation-tool-500x224.png\" alt=\"psk-reporter-propogation-tool\" class=\"wp-image-43392\"\/><\/a><figcaption>PSK Reporter logiciel propagation DX<\/figcaption><\/figure>\n\n\n\n<p><a href=\"https:\/\/www.passion-radio.org\/ham-radio-labs\/psk-reporter\">PSK Reporter<\/a>\n va bien au del\u00e0 de la seule prise en compte du mode de transmission \nnum\u00e9rique PSK comme on pourrait le penser au d\u00e9part. Il g\u00e8re \u00e9galement \nentre autre les signaux RTTY, SSTV, ROS, et m\u00eame <strong>pour les plus r\u00e9fractaires aux modes digitaux, PSK Reporter prends en compte le mode CW (morse)<\/strong>.<\/p>\n\n\n\n<p><strong>Comment fonctionne PSK Reporter ?<\/strong><\/p>\n\n\n\n<p>Le\n syst\u00e8me ne transmet pas de signaux sur l\u2019air, il utilise tout \nsimplement les signaux existants qui sont transmis par des radioamateurs\n appelant CQ.<\/p>\n\n\n\n<p>Cette approche est diff\u00e9rente des autres outils de \nsuivi de la propagation DX, elle offre l\u2019avantage de pouvoir s\u2019appuyer \nsur un r\u00e9seau de stations d\u2019\u00e9coute et de surveillance tout autour du \nmonde, ce qui offre une meilleure couverture sans consommer de bande \npassante.<\/p>\n\n\n\n<p>En premier niveau d\u2019utilisation, il n\u2019y a pas besoin d\u2019avoir une licence de radioamateur pour participer au r\u00e9seau d\u2019\u00e9coute.<\/p>\n\n\n\n<p>Pour\n commencer, tout ce qui est n\u00e9cessaire est une antenne, un r\u00e9cepteur \nradio, un ordinateur, et une connexion internet, pour activer un \nmonitor, une station d\u2019\u00e9coute avec envoi par le web des rapports SWL.<\/p>\n\n\n\n<p>Si\n vous avez un indicatif radioamateur, vous b\u00e9n\u00e9ficierez d\u2019un niveau plus\n important de reporting, les QSO\u2019s r\u00e9alis\u00e9s par la station \u00e9tant \nautomatiquement ajout\u00e9s aux logs de PSK Reporter et disponible en ligne.\n Il est ainsi possible de pouvoir analyser les conditions de r\u00e9ception \net d\u2019\u00e9mission d\u2019une station.<\/p>\n\n\n\n<figure class=\"wp-block-image\"><a href=\"https:\/\/www.passion-radio.org\/images-blog\/pskreporter-propagation-f1jxq.png\"><img decoding=\"async\" src=\"https:\/\/www.passion-radio.org\/images-blog\/pskreporter-propagation-f1jxq-500x294.png\" alt=\"pskreporter-propagation-f1jxq\" class=\"wp-image-43394\"\/><\/a><figcaption>Exemple propagation DX de F1JXQ<\/figcaption><\/figure>\n\n\n\n<p><strong>Comment installer PSK Reporter ?<\/strong><\/p>\n\n\n\n<p>Pour\n les utilisateurs sous Windows, il n\u2019y a pas vraiment de logiciel \u00e0 \ninstaller, et il y a m\u00eame de fortes chances que vous l\u2019ayez d\u00e9j\u00e0 sans le\n savoir, mais pas encore activ\u00e9.<\/p>\n\n\n\n<p>En effet PSK Reporter est d\u00e9j\u00e0 \nint\u00e9gr\u00e9 dans le logiciel radioamateur Ham Radio Deluxe 5.24.38 avec le \nmodule DM780, t\u00e9l\u00e9chargement de HRD version gratuite ici : <a href=\"https:\/\/www.egr.msu.edu\/msuarc\/software\/ham-radio-deluxe\/ham-radio-deluxe-5-24-38.exe\" target=\"_blank\" rel=\"noreferrer noopener\">https:\/\/www.egr.msu.edu\/msuarc\/software\/ham-radio-deluxe\/ham-radio-deluxe-5-24-38.exe<\/a><\/p>\n\n\n\n<p>Configuration de PSK Reporter dans Ham Radio Deluxe et Digital Master 780 :<\/p>\n\n\n\n<div class=\"wp-block-image\"><figure class=\"aligncenter\"><a href=\"https:\/\/www.passion-radio.org\/images-blog\/ham-radio-deluxe-psk-reporter.png\"><img decoding=\"async\" src=\"https:\/\/www.passion-radio.org\/images-blog\/ham-radio-deluxe-psk-reporter-500x352.png\" alt=\"ham-radio-deluxe-psk-reporter\" class=\"wp-image-43395\"\/><\/a><\/figure><\/div>\n\n\n\n<p><br>\n Dans le module DM780, cliquez sur \u00ab&nbsp;Program Options&nbsp;\u00bb, allez dans \u201cPSK \nReporter\u201d, puis cochez les 2 cases \u201cEnable updates\u201d et \u201cLog updates\u201d. \nC\u2019est tout !<\/p>\n\n\n\n<p>Sous Linux, PSK Reporter est int\u00e9gr\u00e9 \u00e0 Fldigi 3.1 \u00e0 t\u00e9l\u00e9charger ici : <a href=\"http:\/\/www.w1hkj.com\/Fldigi.html\" target=\"_blank\" rel=\"noreferrer noopener\">http:\/\/www.w1hkj.com\/Fldigi.html<\/a><\/p>\n\n\n\n<p>PSK reporter est \u00e9galement int\u00e9gr\u00e9 au <a href=\"http:\/\/rosmodem.wordpress.com\/\" target=\"_blank\" rel=\"noreferrer noopener\">logiciel ROS<\/a>, pour le param\u00e9trer allez dans \u201cSkeds\u201d :<\/p>\n\n\n\n<figure class=\"wp-block-image\"><a href=\"https:\/\/www.passion-radio.org\/images-blog\/ros-mode-psk-reporter.jpg\"><img decoding=\"async\" src=\"https:\/\/www.passion-radio.org\/images-blog\/ros-mode-psk-reporter.jpg\" alt=\"ros-mode-psk-reporter\" class=\"wp-image-43398\"\/><\/a><figcaption>ros-mode-psk-reporter<\/figcaption><\/figure>\n\n\n\n<p><strong>2 fonctionnalit\u00e9s suppl\u00e9mentaire de PSK Reporter<\/strong><\/p>\n\n\n\n<p>L\u2019outil propose la liste des 10 fr\u00e9quences les plus utilis\u00e9es bas\u00e9 selon votre g\u00e9olocalisation et l\u2019heure : <a href=\"http:\/\/pskreporter.info\/cgi-bin\/psk-freq.pl\" target=\"_blank\" rel=\"noreferrer noopener\">http:\/\/pskreporter.info\/cgi-bin\/psk-freq.pl<\/a><\/p>\n\n\n\n<pre class=\"wp-block-preformatted\">14070000 1059 248 26 14\n10140000 394 57 10 2\n7040000 123 19 3 2\n14100000 96 25 3 9\n14080000 67 26 2 6\n14000000 60 7 6 0\n21070000 51 7 3 1\n21000000 30 3 2 0\n14030000 30 3 3 0\n14020000 30 4 4 0\n14110000 13 5 1 2\n14010000 10 1 1 0\n14040000 10 1 1 0\n18100000 0 1 0 1\n# frequency score #spots #tx #rx\n# grid JN%, 15 mins\n<\/pre>\n\n\n\n<p>Ainsi que de nombreuses statistiques tr\u00e8s int\u00e9ressantes : <a href=\"http:\/\/pskreporter.info\/cgi-bin\/pskstats.pl\" target=\"_blank\" rel=\"noreferrer noopener\">http:\/\/pskreporter.info\/cgi-bin\/pskstats.pl<\/a><\/p>\n\n\n\n<p><strong>Top des DXCC rares entendus <\/strong><\/p>\n\n\n\n<figure class=\"wp-block-image\"><a href=\"https:\/\/www.passion-radio.org\/images-blog\/rare-dxcc-psk-reporter.png\"><img decoding=\"async\" src=\"https:\/\/www.passion-radio.org\/images-blog\/rare-dxcc-psk-reporter-500x195.png\" alt=\"rare-dxcc-psk-reporter\" class=\"wp-image-43396\"\/><\/a><figcaption>rare-dxcc-psk-reporter<\/figcaption><\/figure>\n\n\n\n<p><strong>Top des monitors actifs sur PSK Reporter<\/strong><\/p>\n\n\n\n<figure class=\"wp-block-image\"><a href=\"https:\/\/www.passion-radio.org\/images-blog\/psk-reporter-top-monitor1.png\"><img decoding=\"async\" src=\"https:\/\/www.passion-radio.org\/images-blog\/psk-reporter-top-monitor1.png\" alt=\"psk-reporter-top-monitor\" class=\"wp-image-43399\"\/><\/a><figcaption>psk-reporter-top-monitor<\/figcaption><\/figure>\n\n\n\n<p>En\n septembre 2010, il y a de 200 \u00e0 400 stations SWL actives en fonction du\n jour de la semaine. C\u2019est suffisant pour obtenir des reports depuis les\n US et l\u2019Europe et il faut en g\u00e9n\u00e9ral 1 semaine pour reporter 100 pays \ndiff\u00e9rents, en fonction de vos conditions d\u2019\u00e9coute.<\/p>\n","protected":false},"excerpt":{"rendered":"<p>Il y a des logiciels dont le simple nom peut induire en erreur sur les fonctionnalit\u00e9s r\u00e9elles de l\u2019outil et vous faire passer \u00e0 cot\u00e9. C\u2019est le cas de PSK Reporter, impressionnant de simplicit\u00e9 et d\u2019efficacit\u00e9 pour suivre en temps r\u00e9el les conditions de propagation DX avec visualisation sur Google&#46;&#46;&#46;<\/p>\n","protected":false},"author":1,"featured_media":0,"parent":0,"menu_order":0,"comment_status":"closed","ping_status":"closed","template":"","meta":[],"_links":{"self":[{"href":"http:\/\/aral45.f5mxh.fr\/index.php\/wp-json\/wp\/v2\/pages\/174"}],"collection":[{"href":"http:\/\/aral45.f5mxh.fr\/index.php\/wp-json\/wp\/v2\/pages"}],"about":[{"href":"http:\/\/aral45.f5mxh.fr\/index.php\/wp-json\/wp\/v2\/types\/page"}],"author":[{"embeddable":true,"href":"http:\/\/aral45.f5mxh.fr\/index.php\/wp-json\/wp\/v2\/users\/1"}],"replies":[{"embeddable":true,"href":"http:\/\/aral45.f5mxh.fr\/index.php\/wp-json\/wp\/v2\/comments?post=174"}],"version-history":[{"count":1,"href":"http:\/\/aral45.f5mxh.fr\/index.php\/wp-json\/wp\/v2\/pages\/174\/revisions"}],"predecessor-version":[{"id":175,"href":"http:\/\/aral45.f5mxh.fr\/index.php\/wp-json\/wp\/v2\/pages\/174\/revisions\/175"}],"wp:attachment":[{"href":"http:\/\/aral45.f5mxh.fr\/index.php\/wp-json\/wp\/v2\/media?parent=174"}],"curies":[{"name":"wp","href":"https:\/\/api.w.org\/{rel}","templated":true}]}}