{"id":163,"date":"2019-12-03T13:57:50","date_gmt":"2019-12-03T12:57:50","guid":{"rendered":"http:\/\/aral45.f5mxh.fr\/?page_id=163"},"modified":"2019-12-04T09:19:59","modified_gmt":"2019-12-04T08:19:59","slug":"le-ft8","status":"publish","type":"page","link":"http:\/\/aral45.f5mxh.fr\/index.php\/le-ft8\/","title":{"rendered":"Le FT8"},"content":{"rendered":"\n<p><strong>L&rsquo;utilisation du FT8 sur les bandes HF permet de r\u00e9aliser des QSOs \u00e0&nbsp;tr\u00e8s longue distance avec de tr\u00e8s faibles puissances. Il est courant&nbsp;d&rsquo;arriver \u00e0 faire le tour du monde avec 5 Watts quand \u00e7a va bien !<\/strong><\/p>\n\n\n\n<p>Pour la&nbsp;<strong>petite<\/strong>&nbsp;histoire<\/p>\n\n\n\n<p><strong>K1JT enseigne \u00e0 l&rsquo;universit\u00e9 de Princeton (USA) et f\u00fbt prix nobel de Physique en 1992.<\/strong>\n En s&rsquo;appuyant sur le FSK, il a mis au point le JT65 et tous ses \nd\u00e9riv\u00e9s, le petit dernier \u00e9tant le FT8 (pour plus de d\u00e9tails sur \nl&rsquo;\u00e9volution des modes pr\u00e9c\u00e9dents, reportez-vous \u00e0 la page d\u00e9di\u00e9e au JT65\n sur ce site),&nbsp;<strong>mis au point<\/strong> avec Steve \/ K9AN, toujours <strong>dans le but de r\u00e9aliser des liaisons EME<\/strong> (terre &gt; lune &gt; terre) <strong>ainsi que pour les contacts en meteor-scatter<\/strong> conform\u00e9ment aux normes et proc\u00e9dures de ces QSOs.<br><br><\/p>\n\n\n\n<figure class=\"wp-block-image\"><img decoding=\"async\" src=\"http:\/\/www.leradioscope.fr\/images\/joomlart\/ft8\/chute_eau_wsjtx.jpg\" alt=\"Sample image\"\/><\/figure>\n\n\n\n<p><strong>WSJT-X&nbsp;<\/strong><strong>Chute d&rsquo;eau<\/strong><\/p>\n\n\n\n<p><strong>FT8 signifie : \u00ab\u00a0Franke-Taylor design, 8-FSK modulation\u00a0\u00bb<\/strong><\/p>\n\n\n\n<p><strong>Bien que tr\u00e8s r\u00e9cent, le mode FT8 connait un engouement exceptionnel<\/strong>\n de l&rsquo;ensemble des radioamateurs et fait passer au second plan le JT65 \nqui jusque l\u00e0 \u00e9tait un des modes les plus usit\u00e9s.&nbsp;Le mode FT8 offre les \nm\u00eames capacit\u00e9s de DX avec une tr\u00e8s faible&nbsp;puissance (moins d\u20191W) et \nc\u2019est la premi\u00e8re raison de son succ\u00e8s. <strong>Il faut&nbsp;environ 1 minute pour r\u00e9aliser un QSO, soit 4 fois plus rapidement qu\u2019en&nbsp;JT-65.&nbsp;<\/strong><\/p>\n\n\n\n<p>Certes pour le moment, le FT8 est tr\u00e8s \nl\u00e9g\u00e8rement moins sensible que le JT65 mais des \u00e9volutions sont en cours \npour am\u00e9liorer cela.<\/p>\n\n\n\n<p><br>Les&nbsp;<strong>caract\u00e9ristiques<br><\/strong><\/p>\n\n\n\n<p><strong>&#8211; Longueur de la s\u00e9quence Tx \/ Rx : 15 s.<\/strong><br>&#8211; Longueur du message : 75 bits + CRC 12 bits.<br>&#8211; Code FEC : LDPC (174,87).<br>&#8211; Modulation : 8-FSK, taux de saisie = espacement des tons = 5,86 Hz.<br><strong>&#8211; Forme d&rsquo;onde : phase continue, enveloppe constante.<\/strong><br><strong>&#8211; Bande passante occup\u00e9e : 47 Hz.<\/strong><br>&#8211; Am\u00e9lioration de la commande CAT pour de nombreuses plates-formes, y-compris celles contr\u00f4l\u00e9es par OmniRig.<br>&#8211; Synchronisation : trois tableaux Costas 7&#215;7 (d\u00e9but, milieu, fin de Tx).<br><strong>&#8211; Dur\u00e9e de transmission : 79 * 2048\/12000 = 13,48 secondes.<\/strong><br><strong>&#8211; Seuil de d\u00e9codage : -20 dB (peut-\u00eatre -24 dB avec d\u00e9codage AP, \u00e0 d\u00e9terminer).<\/strong><br>&#8211; Comportement op\u00e9rationnel : similaire \u00e0 l&rsquo;utilisation en HF de JT9 et JT65.<br><strong>&#8211; Multi-d\u00e9codeur : trouve et d\u00e9code tous les signaux FT8 de la bande passante.<\/strong><br><strong>&#8211; Auto-s\u00e9quen\u00e7age apr\u00e8s le d\u00e9marrage manuel d&rsquo;un QSO.<\/strong><\/p>\n\n\n\n<p>&#8211; En comparaison avec les modes lents JT9, JT65, QRA64, le <strong>FT8 est un peu moins sensible<\/strong> de quelques dB, <strong>mais permet d&rsquo;achever les QSO quatre fois plus rapidement.<\/strong> La bande passante est sup\u00e9rieure \u00e0 JT9 mais environ 1\/4 de la largeur de bande du JT65A et moins de 1\/2 de la largeur du QRA64.<\/p>\n\n\n\n<p>&#8211; Par rapport aux modes rapides le \nJT9E-H, le FT8 est appr\u00e9ciablement plus sensible et a une bande passante\n beaucoup plus petite. <strong>Il utilise la cascade verticale et offre un d\u00e9codage multiple sur la bande passante affich\u00e9e.<\/strong><\/p>\n\n\n\n<p>Quel&nbsp;<strong>mat\u00e9riel ?<\/strong><\/p>\n\n\n\n<p>\u2013 <strong>un transceiver.<\/strong> On utilisera toujours les modes SSB ou Data \/ SSB.<br>\u2013 <strong>un ordinateur<\/strong> avec une carte son et un syst\u00e8me d&rsquo;exploitation Windows XP, Vista, Windows 7, etc&#8230; <br>\u2013 <strong>une interface qui isole \u00e9lectriquement le PC du TX<\/strong>\n (au centre de cette interface : 2 transformateurs d&rsquo;adaptation \npermettent l&rsquo;isolation&nbsp;galvanique) et assurent la commutation \n\u00e9mission-r\u00e9ception (via la commande de la PTT).<\/p>\n\n\n\n<p><strong>&#8211; un logiciel : WSJT-X<\/strong><br><strong>Le principal logiciel pour trafiquer en mode FT8<\/strong> (et JT65, &#8230;) sous Windows, Mac et Linux <strong>est WSJT-X d\u00e9velopp\u00e9 par K1JT.<\/strong><\/p>\n\n\n\n<p><strong><a rel=\"noreferrer noopener\" aria-label=\" (s\u2019ouvre dans un nouvel onglet)\" href=\"https:\/\/www.physics.princeton.edu\/pulsar\/K1JT\/wsjtx-2.1.2-win64.exe\" target=\"_blank\">T\u00e9l\u00e9charger la version WSJT-X avec FT8 (version 2.1.2)<br><\/a><\/strong><\/p>\n\n\n\n<p>D&rsquo;autre logiciels existent comme JTDX&#8230;<\/p>\n\n\n\n<p><a href=\"http:\/\/www.jtdx.tech\">Site de JTDX pour le t\u00e9l\u00e9chargement<\/a><\/p>\n\n\n\n<p><\/p>\n\n\n\n<figure class=\"wp-block-image\"><img decoding=\"async\" src=\"http:\/\/www.leradioscope.fr\/images\/joomlart\/ft8\/wsjtx.jpg\" alt=\"Sample image\"\/><\/figure>\n\n\n\n<p><strong>Logiciel&nbsp;<\/strong><strong>WSJT-X<\/strong><\/p>\n\n\n\n<p>Pour param\u00e9trer le logiciel, reportez-vous au tuto vid\u00e9o qui se trouve sur cette page ainsi qu&rsquo;au <strong><a href=\"http:\/\/www.leradioscope.fr\/images\/joomlart\/logiciels\/documentation_wsjtx-main-2.0.0_fr.pdf\" target=\"_blank\" rel=\"noreferrer noopener\">document PDF de K1JT traduit en Fran\u00e7ais ici<\/a>.<\/strong><\/p>\n\n\n\n<p><strong>La configuration de votre tranceiver est certainement la partie la plus d\u00e9licate si vous la r\u00e9alisez pour la premi\u00e8re fois.<\/strong>\n Il n\u2019y a pas de config. universelle, elle est \u00e0 adapter d\u2019un poste \u00e0 un\n autre. Certain postes r\u00e9cents ont une carte son int\u00e9gr\u00e9e et proposent \nsur leur face arri\u00e8re une prise USB (type imprimante) que l&rsquo;on peu \nconnecter directement sur le port USB d&rsquo;un ordinateur. Dans les autres \ncas il faut passer par une interface ext\u00e9rieur (type signaLink USB, \n&#8230;). Cette interface est reli\u00e9e au port USB du pc et au tranceiver, \nsoit par la prise micro, soit une fiche Din ou miniDin \u00e0 l&rsquo;arri\u00e8re du PC\n et on utilise ou pas le CAT SYSTEM (voir shema ci-dessous).<\/p>\n\n\n\n<p><strong>Voici quelques exemples de branchements<\/strong><\/p>\n\n\n\n<figure class=\"wp-block-image\"><img decoding=\"async\" src=\"http:\/\/www.leradioscope.fr\/images\/joomlart\/jt65\/cablage_jt65.jpg\" alt=\"Sample image\"\/><\/figure>\n\n\n\n<p><strong>Branchement&nbsp;<\/strong><strong>du mat\u00e9riel<\/strong><\/p>\n\n\n\n<p><br>Principe d&rsquo;un&nbsp;<strong>QSO en FT8<\/strong><\/p>\n\n\n\n<p><strong>Nous ne sommes pas libre \nd&rsquo;envoyer n&rsquo;importe quel message de n&rsquo;importe quelle longueur \u00e0 \nn&rsquo;importe quel moment. Il y a un temps tr\u00e8s pr\u00e9cis pour basculer en \n\u00e9mission et ensuite en r\u00e9ception.<\/strong><\/p>\n\n\n\n<p>&#8211; Le logiciel passe en <strong>\u00e9mission toutes les 15 secondes<\/strong> et ceci le temps n\u00e9cessaire pour transmettre le message pour ensuite passer \u00e0 l&rsquo;\u00e9tat&nbsp;<strong>r\u00e9ception pendant 15 seondes<\/strong> et ainsi de suite.<\/p>\n\n\n\n<p><strong>&#8211; Contrairement au JT65<\/strong> o\u00f9 le logiciel passe en mode repos, ce qui laisse environ 8 secondes \u00e0 l&rsquo;op\u00e9rateur pour pr\u00e9parer sa r\u00e9ponse, <strong>en FT8 on passe en \u00e9mission presque imm\u00e9diatement apr\u00e8s avoir re\u00e7u le message.<\/strong>\n C&rsquo;est pour cette raison que le proc\u00e9d\u00e9 d&rsquo;envois des macros est \nenti\u00e8rement automatis\u00e9. En effet, les messages sont d\u00e9j\u00e0 pr\u00eats sous \nforme de \u00ab\u00a0macro\u00a0\u00bb g\u00e9n\u00e9r\u00e9es automatiquement en fonction du message re\u00e7u.<\/p>\n\n\n\n<p><strong>&#8211; Important :<\/strong><br>Pour \ntrafiquer correctement et \u00eatre s\u00fbr de la synchronisation et du d\u00e9codage \ndes messages, toutes les stations doivent imp\u00e9rativement \u00eatre&nbsp;cal\u00e9es sur\n la m\u00eame horloge de temps. L&rsquo;ordinateur doit \u00eatre synchronis\u00e9 avec un \nserveur de temps internet et ceci doit se faire r\u00e9guli\u00e8rement pour \u00eatre \ns\u00fbr d&rsquo;\u00eatre synchro avec les autres. Au del\u00e0 de 2 secondes de d\u00e9calage il\n devient difficile de se faire comprendre. Assez souvent vos ordinateurs\n sont correctement synchronis\u00e9s mais ce n&rsquo;est pas le cas tout le temps.<\/p>\n\n\n\n<p>Pour synchroniser l&rsquo;horloge de votre PC <strong><a href=\"http:\/\/www.leradioscope.fr\/blog\/346-creer-un-fichier-bat-pour-synchroniser-l-orloge-du-pc\" target=\"_blank\" rel=\"noreferrer noopener\">voici un petit article qui vous propose un mini script<\/a><\/strong> \u00e0 poser sur votre bureau et \u00e0 d\u00e9marrer avant d&rsquo;utiliser WSJT-X par exemple :<\/p>\n\n\n\n<p><strong>&#8211; En FT8 le TX est utilis\u00e9 \u00e0 \n100% pendant 15 secondes toutes les 15 secondes, il est donc fortement \nrecommand\u00e9 de ne pas utiliser la puissance maximum de votre tranceiver !<\/strong>\n En r\u00e8gle g\u00e9n\u00e9rale on utilise des puissances allant de 1 \u00e0 30 Watts en \nfonction des conditions de propagation du moment et de la distance que \nl&rsquo;on veut parcourir (g\u00e9n\u00e9ralement autour de 10 Watts).<\/p>\n\n\n\n<p>La&nbsp;<strong>structure des messages<\/strong><br><\/p>\n\n\n\n<p>Les conventions inh\u00e9rentes \u00e0 ce digimode ne laisse <strong>pas de place pour&nbsp;l&rsquo;improvisation.<\/strong><\/p>\n\n\n\n<p><strong>Voici un QSO type en FT8 (Idem JT65)<\/strong><\/p>\n\n\n\n<p>&#8211; <strong>CQ F4HTZ JN26<\/strong> &gt; je lance appel avec mon indicatif et mon grand carr\u00e9 locator<br>&#8211; <strong>F4HTZ MI0ODC IO74<\/strong> &gt; MI0ODC me r\u00e9pond, son locator est IO74<br>&#8211; <strong>MI0ODC F4HTZ -09<\/strong> &gt; je r\u00e9ponds \u00e0 MI0ODC en lui indiquant son report en dB<br>&#8211; <strong>F4HTZ MI0ODC -11<\/strong> &gt; MI0ODC accuse r\u00e9ception de mon report et \u00e0 son tours il m&rsquo;indique mon report.<br> &#8211; <strong>MI0ODC F4htz RRR<\/strong> &gt; j&rsquo;accuse r\u00e9ception par RRR<br> &#8211; <strong>F4HTZ MI0ODC 73<\/strong> &gt; MI0ODC termine le QSO en m&rsquo;adressant 73<br>&#8211; <strong>MI0ODC<\/strong><strong>&nbsp;F4HTZ 73<\/strong>&nbsp;&gt; MI0ODC termine le QSO en m&rsquo;adressant 73<\/p>\n\n\n\n<p><strong>Le QSO dure de 60 \u00e0 90 secondes<\/strong>  et nous ne nous sommes pas \u00e9chang\u00e9 grand chose ! Il est pourtant  pr\u00e9f\u00e9rable de s&rsquo;en tenir \u00e0 ce&nbsp;vocabulaire m\u00eame si l&rsquo;on peut inscrire  autre chose dans les messages (avec les macros personnalisables). Il  n&rsquo;est pas rare de voir des \u00e9changes encore plus courts que celui d\u00e9crit  ci-dessus (2 \u00e9changes de reports et c&rsquo;est tout par exemple).<\/p>\n\n\n\n<hr class=\"wp-block-separator\"\/>\n","protected":false},"excerpt":{"rendered":"<p>L&rsquo;utilisation du FT8 sur les bandes HF permet de r\u00e9aliser des QSOs \u00e0&nbsp;tr\u00e8s longue distance avec de tr\u00e8s faibles puissances. Il est courant&nbsp;d&rsquo;arriver \u00e0 faire le tour du monde avec 5 Watts quand \u00e7a va bien ! Pour la&nbsp;petite&nbsp;histoire K1JT enseigne \u00e0 l&rsquo;universit\u00e9 de Princeton (USA) et f\u00fbt prix nobel&#46;&#46;&#46;<\/p>\n","protected":false},"author":1,"featured_media":94,"parent":0,"menu_order":0,"comment_status":"closed","ping_status":"closed","template":"","meta":[],"_links":{"self":[{"href":"http:\/\/aral45.f5mxh.fr\/index.php\/wp-json\/wp\/v2\/pages\/163"}],"collection":[{"href":"http:\/\/aral45.f5mxh.fr\/index.php\/wp-json\/wp\/v2\/pages"}],"about":[{"href":"http:\/\/aral45.f5mxh.fr\/index.php\/wp-json\/wp\/v2\/types\/page"}],"author":[{"embeddable":true,"href":"http:\/\/aral45.f5mxh.fr\/index.php\/wp-json\/wp\/v2\/users\/1"}],"replies":[{"embeddable":true,"href":"http:\/\/aral45.f5mxh.fr\/index.php\/wp-json\/wp\/v2\/comments?post=163"}],"version-history":[{"count":2,"href":"http:\/\/aral45.f5mxh.fr\/index.php\/wp-json\/wp\/v2\/pages\/163\/revisions"}],"predecessor-version":[{"id":165,"href":"http:\/\/aral45.f5mxh.fr\/index.php\/wp-json\/wp\/v2\/pages\/163\/revisions\/165"}],"wp:featuredmedia":[{"embeddable":true,"href":"http:\/\/aral45.f5mxh.fr\/index.php\/wp-json\/wp\/v2\/media\/94"}],"wp:attachment":[{"href":"http:\/\/aral45.f5mxh.fr\/index.php\/wp-json\/wp\/v2\/media?parent=163"}],"curies":[{"name":"wp","href":"https:\/\/api.w.org\/{rel}","templated":true}]}}