{"id":1036,"date":"2022-09-16T09:08:20","date_gmt":"2022-09-16T07:08:20","guid":{"rendered":"http:\/\/aral45.f5mxh.fr\/?page_id=1036"},"modified":"2023-07-05T10:58:45","modified_gmt":"2023-07-05T08:58:45","slug":"documents-publiques-aral-45","status":"publish","type":"page","link":"http:\/\/aral45.f5mxh.fr\/index.php\/documents-publiques-aral-45\/","title":{"rendered":"Documents public ARAL-45"},"content":{"rendered":"\n<p>Vous pouvez trouver ci-dessous les documents public de l&rsquo;ARAL45<\/p>\n\n\n\n<p><a href=\"http:\/\/aral45.f5mxh.fr\/wp-content\/uploads\/2022\/09\/CRAG2020.pdf\">Compte-rendu de l&rsquo;assembl\u00e9e g\u00e9n\u00e9rale exercice 2020<\/a><\/p>\n\n\n\n<p><a href=\"http:\/\/aral45.f5mxh.fr\/wp-content\/uploads\/2022\/12\/CRAG2021-Definitif.pdf\" data-type=\"URL\" data-id=\"http:\/\/aral45.f5mxh.fr\/wp-content\/uploads\/2022\/12\/CRAG2021-Definitif.pdf\" target=\"_blank\" rel=\"noreferrer noopener\">Compte-rendu de l&rsquo;assembl\u00e9e g\u00e9n\u00e9rale exercice 2021<\/a><\/p>\n\n\n\n<p>Compte rendu de l&rsquo;assembl\u00e9e g\u00e9n\u00e9rale extraordinaire 2022 <\/p>\n\n\n\n<p>Compte-rendu de l&rsquo;assembl\u00e9e g\u00e9n\u00e9rale exercice 2022<\/p>\n\n\n\n<p><\/p>\n\n\n\n<hr class=\"wp-block-separator has-alpha-channel-opacity\"\/>\n\n\n\n<p><a href=\"http:\/\/aral45.f5mxh.fr\/wp-content\/uploads\/2023\/07\/Status-2023.pdf\" data-type=\"URL\" data-id=\"http:\/\/aral45.f5mxh.fr\/wp-content\/uploads\/2022\/09\/PJ-9-20140317_ARAL-45_Statuts.pdf\" target=\"_blank\" rel=\"noreferrer noopener\">Les status de l&rsquo;ARAL &#8211; 45 <\/a><\/p>\n\n\n\n<hr class=\"wp-block-separator has-alpha-channel-opacity\"\/>\n\n\n\n<p><a href=\"http:\/\/aral45.f5mxh.fr\/wp-content\/uploads\/2022\/12\/Rapport-Moral-annee-2022.pdf\" target=\"_blank\" rel=\"noreferrer noopener\">Rapport moral pour l&rsquo;ann\u00e9e 2022<\/a><\/p>\n\n\n\n<p><\/p>\n","protected":false},"excerpt":{"rendered":"<p>Vous pouvez trouver ci-dessous les documents public de l&rsquo;ARAL45 Compte-rendu de l&rsquo;assembl\u00e9e g\u00e9n\u00e9rale exercice 2020 Compte-rendu de l&rsquo;assembl\u00e9e g\u00e9n\u00e9rale exercice 2021 Compte rendu de l&rsquo;assembl\u00e9e g\u00e9n\u00e9rale extraordinaire 2022 Compte-rendu de l&rsquo;assembl\u00e9e g\u00e9n\u00e9rale exercice 2022 Les status de l&rsquo;ARAL &#8211; 45 Rapport moral pour l&rsquo;ann\u00e9e 2022<\/p>\n","protected":false},"author":1,"featured_media":0,"parent":0,"menu_order":0,"comment_status":"closed","ping_status":"closed","template":"","meta":[],"_links":{"self":[{"href":"http:\/\/aral45.f5mxh.fr\/index.php\/wp-json\/wp\/v2\/pages\/1036"}],"collection":[{"href":"http:\/\/aral45.f5mxh.fr\/index.php\/wp-json\/wp\/v2\/pages"}],"about":[{"href":"http:\/\/aral45.f5mxh.fr\/index.php\/wp-json\/wp\/v2\/types\/page"}],"author":[{"embeddable":true,"href":"http:\/\/aral45.f5mxh.fr\/index.php\/wp-json\/wp\/v2\/users\/1"}],"replies":[{"embeddable":true,"href":"http:\/\/aral45.f5mxh.fr\/index.php\/wp-json\/wp\/v2\/comments?post=1036"}],"version-history":[{"count":9,"href":"http:\/\/aral45.f5mxh.fr\/index.php\/wp-json\/wp\/v2\/pages\/1036\/revisions"}],"predecessor-version":[{"id":1128,"href":"http:\/\/aral45.f5mxh.fr\/index.php\/wp-json\/wp\/v2\/pages\/1036\/revisions\/1128"}],"wp:attachment":[{"href":"http:\/\/aral45.f5mxh.fr\/index.php\/wp-json\/wp\/v2\/media?parent=1036"}],"curies":[{"name":"wp","href":"https:\/\/api.w.org\/{rel}","templated":true}]}}